{"id":122,"date":"2020-10-24T17:15:39","date_gmt":"2020-10-24T17:15:39","guid":{"rendered":"http:\/\/plasrom.ro\/?page_id=122"},"modified":"2021-01-12T11:38:17","modified_gmt":"2021-01-12T11:38:17","slug":"termeni-si-conditii","status":"publish","type":"page","link":"https:\/\/plasrom.ro\/en\/termeni-si-conditii\/","title":{"rendered":"Terms and conditions"},"content":{"rendered":"<div data-elementor-type=\"wp-page\" data-elementor-id=\"122\" class=\"elementor elementor-122\" data-elementor-settings=\"[]\">\n\t\t\t\t\t\t<div class=\"elementor-inner\">\n\t\t\t\t\t\t\t<div class=\"elementor-section-wrap\">\n\t\t\t\t\t\t\t<section class=\"elementor-section elementor-top-section elementor-element elementor-element-6c1193e elementor-section-boxed elementor-section-height-default elementor-section-height-default\" data-id=\"6c1193e\" data-element_type=\"section\">\n\t\t\t\t\t\t<div class=\"elementor-container elementor-column-gap-default\">\n\t\t\t\t\t\t\t<div class=\"elementor-row\">\n\t\t\t\t\t<div class=\"elementor-column elementor-col-100 elementor-top-column elementor-element elementor-element-194969c\" data-id=\"194969c\" data-element_type=\"column\">\n\t\t\t<div class=\"elementor-column-wrap elementor-element-populated\">\n\t\t\t\t\t\t\t<div class=\"elementor-widget-wrap\">\n\t\t\t\t\t\t<div class=\"elementor-element elementor-element-b326ef8 elementor-widget elementor-widget-text-editor\" data-id=\"b326ef8\" data-element_type=\"widget\" data-widget_type=\"text-editor.default\">\n\t\t\t\t<div class=\"elementor-widget-container\">\n\t\t\t\t\t<div class=\"elementor-text-editor elementor-clearfix\"><p>\u00a0<\/p><p><span style=\"font-weight: 400;\">Termenii \u015fi condi\u0163iile de utilizare a paginii de internet disponibil\u0103 la adresa www.plasrom.ro (denumit \u00een continuare &#8222;Site&#8221;)<\/span><\/p><ol><li><span style=\"font-weight: 400;\"> PRIN UTILIZAREA ACESTUI WEBSITE, SUNTE\u021aI DE ACORD CU ACESTE CONDI\u021aII DE UTILIZARE<\/span><\/li><\/ol><p><b>Acest website reprezint\u0103 proprietatea PLASROM PRODUCTION SRL, denumit in continuare \u201cFurnizor\u201d<\/b><\/p><p><span style=\"font-weight: 400;\">Accesul \u0219i utilizarea acestui website sunt supuse urm\u0103toarilor termeni \u0219i condi\u021bii de utilizare \u0219i tuturor legilor \u0219i regulamentelor aplicabile.\u00a0<\/span><\/p><p><span style=\"font-weight: 400;\">Acces\u00e2nd \u0219i utiliz\u00e2nd website-ul, accepta\u021bi, f\u0103r\u0103 limit\u0103ri sau calific\u0103ri, aceste condi\u021bii \u0219i lua\u021bi la cuno\u0219tin\u021b\u0103 ca orice alte acorduri \u00eentre dvs. \u0219i <\/span><b>PLASROM PRODUCTION SRL<\/b><span style=\"font-weight: 400;\"> sunt \u00eenlocuite prin prevederile prezentelor termene \u0219i condi\u021bii.\u00a0<\/span><\/p><p><span style=\"font-weight: 400;\">Dac\u0103 nu sunte\u021bi de acord sau nu accepta\u021bi, f\u0103r\u0103 limit\u0103ri sau calific\u0103ri, Condi\u021biile de Utilizare ale acestui Site, v\u0103 rug\u0103m s\u0103 nu folosi\u021bi acest site.<\/span><\/p><ol start=\"2\"><li><span style=\"font-weight: 400;\"> PROPRIETATEA CON\u021aINUTULUI\u00a0<\/span><\/li><\/ol><p><span style=\"font-weight: 400;\">Website-ul \u0219i tot ceea ce cuprinde acesta, incluz\u00e2nd f\u0103r\u0103 limitare toate textele \u0219i imaginile (\u201ccon\u021binut\u201d) sunt \u00een proprietatea \u0219i sub dreptul de autor (copyright) al <\/span><b>PLASROM PRODUCTION SRL<\/b><span style=\"font-weight: 400;\">, cu sediul in B-Dul 23 August 100 Bis Buftea Judet: Ilfov, \u00eenregistrat\u0103 la Registrul Comer\u021bului sub J23\/48\/2002 | av\u00e2nd cod fiscal RO5905230, cu toate drepturile rezervate cu excep\u021bia cazului \u00een care nu este altfel specificat. Orice con\u021binut care const\u0103 \u00eentr-o marc\u0103, logo, sau marca de serviciu reprezint\u0103 marc\u0103 \u00eenregistrat\u0103 \u0219i ne\u00eenregistrat\u0103 a <\/span><b>Furnizorului<\/b><span style=\"font-weight: 400;\">. Este strict interzis\u0103 utilizarea oric\u0103rui con\u021binut, cu excep\u021bia celor prev\u0103zute \u00een condi\u021biile de utilizare, f\u0103r\u0103 permisiunea \u00een scris a proprietarului \u201ccon\u021binutului\u201d.\u00a0<\/span><\/p><p><span style=\"font-weight: 400;\">De asemenea, v\u0103 inform\u0103m c\u0103 <\/span><b>Furnizorul<\/b><span style=\"font-weight: 400;\"> \u00ee\u0219i va asigura \u0219i impune \u00een mod hot\u0103r\u00e2t recunoa\u0219terea drepturilor de proprietate intelectual\u0103 \u00een conformitate cu legile \u00een vigoare, ajung\u00e2nd dac\u0103 este cazul la ac\u021bionarea celor vinova\u021bi de \u00eenc\u0103lcarea dreptului de proprietate intelectual\u0103 \u00een judecat\u0103 prin instan\u021bele penale.<\/span><\/p><ol start=\"3\"><li><span style=\"font-weight: 400;\"> UTILIZAREA SITE-ULUI\u00a0<\/span><\/li><\/ol><p><b>Furnizorul<\/b><span style=\"font-weight: 400;\"> acord\u0103 permisiunea de a utiliza website-ul \u00een urm\u0103toarele condi\u021bii:\u00a0<\/span><\/p><ul><li style=\"font-weight: 400;\" aria-level=\"1\"><span style=\"font-weight: 400;\">Pute\u021bi desc\u0103rca con\u021binutul, \u00eens\u0103 doar pentru folosul personal \u0219i ne-comercial \u0219i cu condi\u021bia de a v\u0103 conforma cu informa\u021biile referitoare la dreptul de autor (copyright) \u0219i alte drepturi de proprietate intelectual\u0103 cuprinse \u00een con\u021binut;\u00a0<\/span><\/li><li style=\"font-weight: 400;\" aria-level=\"1\"><span style=\"font-weight: 400;\">Nu ave\u021bi permisiunea s\u0103 modifica\u021bi, s\u0103 copia\u021bi (cu excep\u021bia celor mai sus men\u021bionate), s\u0103 transmite\u021bi, s\u0103 expune\u021bi, s\u0103 refolosi\u021bi, s\u0103 reproduce\u021bi, s\u0103 publica\u021bi, s\u0103 autoriza\u021bi, s\u0103 acorda\u021bi o licen\u021b\u0103 de folosire, s\u0103 crea\u021bi lucr\u0103ri derivate din, sau s\u0103 transfera\u021bi, s\u0103 vinde\u021bi sau s\u0103 folosi\u021bi con\u021binutul \u00een alt mod, f\u0103r\u0103 acordul \u00een scris al <\/span><b>Furnizorului<\/b><span style=\"font-weight: 400;\">;\u00a0<\/span><\/li><li style=\"font-weight: 400;\" aria-level=\"1\"><span style=\"font-weight: 400;\">Este interzis s\u0103 folosi\u021bi website-ul pentru a afi\u0219a sau transmite orice fel de material ce are caracter amenin\u021b\u0103tor, fals, \u00een\u0219el\u0103tor, abuziv, de h\u0103r\u021buire, licen\u021bios, calomniator, vulgar, obscen, scandalos, instigator, pornografic sau profanator, sau orice alt fel de material care poate constitui sau \u00eencuraja un comportament ce va putea da na\u0219tere unei infrac\u021biuni, sau ar putea conduce la r\u0103spundere civila, sau ar \u00eenc\u0103lca \u00een alt mod legea. <\/span><b>Furnizorul<\/b><span style=\"font-weight: 400;\"> va coopera cu oricare dintre autorit\u0103\u021bile desemnate s\u0103 aplice legea \u0219i se va conforma cu orice sentin\u021b\u0103 judec\u0103toreasc\u0103 prin care se cere sau se ordon\u0103 societ\u0103\u021bii <\/span><b>Furnizorului<\/b><span style=\"font-weight: 400;\"> s\u0103 dezv\u0103luie identitatea oric\u0103rei persoane care ar afi\u0219a sau transmite orice fel de informa\u021bie sau material de acest fel pe sau prin intermediul website-ului.\u00a0<\/span><\/li><\/ul><p><span style=\"font-weight: 400;\">Sunte\u021bi de acord ca <\/span><b>Furnizorul<\/b><span style=\"font-weight: 400;\">, la alegerea sa, s\u0103 \u00eenceteze sau s\u0103 \u00eentrerup\u0103 utilizarea de c\u0103tre dvs. a site-ului la nerespectarea Termenilor de Utilizare. \u00cen momentul suspend\u0103rii sau \u00eencet\u0103rii respective, dumneavoastr\u0103 trebuie:\u00a0<\/span><\/p><p><span style=\"font-weight: 400;\">(a) s\u0103 \u00eenceta\u021bi utilizarea site-ului \u0219i\u00a0<\/span><\/p><p><span style=\"font-weight: 400;\">(b) s\u0103 distruge\u021bi orice copii f\u0103cute dup\u0103 orice parte a con\u021binutului s\u0103u.\u00a0<\/span><\/p><p><span style=\"font-weight: 400;\">Nu ve\u021bi considera Compania r\u0103spunz\u0103toare pentru daunele, costurile, r\u0103spunderile, cheltuielile (inclusiv costurile avoca\u021bilor) \u0219i sumele pentru \u00een\u021belegerile legate de orice proces, preten\u021bie sau ac\u021biune depus\u0103 de c\u0103tre un ter\u021b \u00eempotriva Companiei drept rezultat al\u00a0<\/span><\/p><p><span style=\"font-weight: 400;\">(a) neglijentei, proastei reprezent\u0103ri, erori sau omitere din partea dvs. sau\u00a0<\/span><\/p><p><span style=\"font-weight: 400;\">(b) \u00eenc\u0103lc\u0103rii din partea dvs. a Termenilor de Utilizare \u0219i a legilor sau regulamentelor de aplicare.\u00a0<\/span><\/p><ol start=\"4\"><li><span style=\"font-weight: 400;\"> CONFIDEN\u021aIALITATE\u00a0<\/span><\/li><\/ol><p><span style=\"font-weight: 400;\">Orice date cu caracter personal precum: numele, adresa, num\u0103rul de telefon sau adresa de e-mail a dumneavoastr\u0103 pe care o transmite\u021bi pe website, prin po\u0219ta electronic\u0103 sau prin alt\u0103 modalitate vor fi folosite \u00een conformitate cu Politica de Confiden\u021bialitate.\u00a0<\/span><\/p><ol start=\"5\"><li><span style=\"font-weight: 400;\"> LIPSA GARAN\u021aIILOR\u00a0<\/span><\/li><\/ol><p><span style=\"font-weight: 400;\">\u00centreg con\u021binutul acestui website poate fi modificat \u0219i v\u0103 este oferit \u201dca atare\u201d f\u0103r\u0103 a se oferi nici o garan\u021bie de nici un fel, fie aceasta expres\u0103 sau implicit\u0103.\u00a0<\/span><\/p><ol start=\"6\"><li><span style=\"font-weight: 400;\"> EXONERAREA DE R\u0102SPUNDERE\u00a0<\/span><\/li><\/ol><p><span style=\"font-weight: 400;\">Utilizarea acestui website este \u00een totalitate pe r\u0103spunderea dumneavoastr\u0103. <\/span><b>Furnizorul<\/b><span style=\"font-weight: 400;\">, func\u021bionarii, directorii, agen\u021bii sau orice alt\u0103 parte implicat\u0103 \u00een conceperea, producerea sau oferirea website-ului nu sunt r\u0103spunz\u0103toare pentru daune directe sau indirecte, de orice natur\u0103 ce ar rezulta din sau \u00een leg\u0103tur\u0103 cu utilizarea acestui website sau a con\u021binutului s\u0103u. <\/span><b>Furnizorul<\/b><span style=\"font-weight: 400;\"> nu \u00ee\u0219i asum\u0103 nici o responsabilitate, \u0219i nu va fi r\u0103spunz\u0103toare pentru nici o daun\u0103 sau viru\u0219i care ar putea s\u0103 v\u0103 infecteze computerul sau alte bunuri \u00een urma acces\u0103rii sau utiliz\u0103rii acestui website, sau desc\u0103rc\u0103rii oric\u0103rui material, informa\u021bii, text, imagini video sau audio de pe acest website.\u00a0<\/span><\/p><ol start=\"7\"><li><span style=\"font-weight: 400;\"> LINK-URI PE SITE-URILE UNEI TER\u021aE P\u0102R\u021aI\u00a0<\/span><\/li><\/ol><p><span style=\"font-weight: 400;\">Site-ul poate con\u021bine link-uri c\u0103tre alte site-uri aflate \u00een proprietatea sau operate de alte p\u0103r\u021bi dec\u00e2t <\/span><b>Furnizorul<\/b><span style=\"font-weight: 400;\">. Astfel de link-uri v\u0103 sunt furnizate pentru a le folosi numai dac\u0103 ve\u021bi dori aceasta.<\/span><b>Furnizorul<\/b><span style=\"font-weight: 400;\"> nu controleaz\u0103 \u0219i nu este r\u0103spunz\u0103toare pentru con\u021binutul \u0219i condi\u021biile de confiden\u021bialitate sau securitate \u0219i de func\u021bionalitatea acestor site-uri.\u00a0<\/span><\/p><p><span style=\"font-weight: 400;\">F\u0103r\u0103 a se limita la cele mai sus men\u021bionate, <\/span><b>Furnizorul<\/b><span style=\"font-weight: 400;\"> \u00ee\u0219i declin\u0103 \u00een mod special orice r\u0103spundere dac\u0103 aceste site-uri:\u00a0<\/span><\/p><ul><li style=\"font-weight: 400;\" aria-level=\"1\"><span style=\"font-weight: 400;\">\u00cencalc\u0103 drepturile de proprietate intelectual\u0103 ale unei ter\u021be p\u0103r\u021bi;\u00a0<\/span><\/li><li style=\"font-weight: 400;\" aria-level=\"1\"><span style=\"font-weight: 400;\">Sunt inexacte, incomplete sau con\u021bin informa\u021bii \u00een\u0219el\u0103toare;\u00a0<\/span><\/li><li style=\"font-weight: 400;\" aria-level=\"1\"><span style=\"font-weight: 400;\">Nu au caracter comercial sau nu r\u0103spund \u00eendeplinirii unui anumit scop;\u00a0<\/span><\/li><li style=\"font-weight: 400;\" aria-level=\"1\"><span style=\"font-weight: 400;\">Nu ofer\u0103 o securitate adecvat\u0103;\u00a0<\/span><\/li><li style=\"font-weight: 400;\" aria-level=\"1\"><span style=\"font-weight: 400;\">Con\u021bin viru\u0219i sau alte elemente cu caracter distructiv;\u00a0<\/span><\/li><li style=\"font-weight: 400;\" aria-level=\"1\"><span style=\"font-weight: 400;\">Sunt licen\u021bioase sau calomnioase.\u00a0<\/span><\/li><\/ul><ol start=\"8\"><li><span style=\"font-weight: 400;\"> POLITICA FI\u0218IERELOR COOKIE\u00a0<\/span><\/li><\/ol><p><span style=\"font-weight: 400;\">Un cookie este un fi\u0219ier text care con\u021bine buc\u0103\u021bi de date, colectate atunci c\u00e2nd vizita\u021bi un website. Este proiectat pentru a ajuta website-urile s\u0103 identifice activitatea trecut\u0103 a utilizatorilor. Acest lucru poate include ac\u021biunea de a urm\u0103ri dac\u0103 a\u021bi f\u0103cut click pe link-uri speciale sau pagini, dac\u0103 v-a\u021bi conectat la profilul dumneavoastr\u0103, sau dac\u0103 a\u021bi citit anumite pagini \u00eentr-o perioad\u0103 de mai multe luni.\u00a0<\/span><\/p><p><span style=\"font-weight: 400;\">Exist\u0103 diferite tipuri de cookie-uri \u0219i f\u0103r\u0103 ele website-urile nu ar putea func\u021biona \u00een modul \u00een care v-a\u021bi obi\u0219nuit s\u0103 le utiliza\u021bi.\u00a0<\/span><\/p><p><span style=\"font-weight: 400;\">Website-ul www.plasrom.ro utilizeaz\u0103 cookie-uri speciale pentru a va oferi cea mai bun\u0103 experien\u021b\u0103 posibil\u0103 \u0219i sunt utilizate doar acele cookie-uri pe care le consider\u0103m necesare \u0219i utile.\u00a0<\/span><\/p><p><span style=\"font-weight: 400;\">Va rugam sa consultati pagina dedicata Politicii de Cookie. V\u0103 explic\u0103m ce tipuri de cookie-uri sunt folosite pe acest website, astfel \u00eenc\u00e2t s\u0103 pute\u021bi decide dac\u0103 sunte\u021bi mul\u021bumit, dac\u0103 dori\u021bi s\u0103 \u0219terge\u021bi cookie-urile existente sau chiar dezactiva folosirea cookie-urilor atunci c\u00e2nd vizualiza\u021bi website-ul nostru.\u00a0<\/span><\/p><ol start=\"9\"><li><span style=\"font-weight: 400;\"> REVIZUIRI ALE ACESTOR TERMENE \u0218I CONDI\u021aII\u00a0<\/span><\/li><\/ol><p><b>Furnizorul<\/b><span style=\"font-weight: 400;\"> poate, \u00een orice moment \u0219i f\u0103r\u0103 notificare prealabil\u0103, s\u0103 revizuiasc\u0103 aceste termene \u0219i condi\u021bii prin actualizarea acestora. Sunte\u021bi obligat s\u0103 respecta\u021bi oricare \u0219i toate astfel de revizuiri \u0219i de aceea va trebui s\u0103 vizita\u021bi aceast\u0103 pagin\u0103 a site-ului nostru \u00een mod periodic pentru a lua la cuno\u0219tin\u021b\u0103 condi\u021biile de utilizare actualizate.\u00a0<\/span><\/p><p><b>Legisla\u021bie aplicabil\u0103 \u0219i Jurisdic\u021bie\u00a0<\/b><\/p><p><span style=\"font-weight: 400;\">Aceste termene \u0219i condi\u021bii \u0219i utilizarea acestui website sunt guvernate de legile din Rom\u00e2nia. Instan\u021bele competente din Rom\u00e2nia vor avea jurisdic\u021bie exclusiv\u0103 asupra oric\u0103ror \u0219i tuturor disputelor ce vor ap\u0103rea din sau se vor referi la sau vor fi \u00een leg\u0103tur\u0103 cu prevederile condi\u021biilor de utilizare \u0219i\/sau con\u021binutul site-ului sau \u00een cazul disputelor \u00een care aceste termene \u0219i condi\u021bii \u0219i\/sau acest website vor fi considerate fapte relevante pentru astfel de dispute.<\/span><\/p><p><span style=\"font-weight: 400;\">Pentru orice tip de \u00eentrebare sau nel\u0103murire, v\u0103 rug\u0103m s\u0103 ne contacta\u021bi folosind urm\u0103toarele date:<\/span><\/p><p><b>Email:<\/b> office@plasrom.ro\u00a0<\/p><p><b>Telefon<\/b><span style=\"font-weight: 400;\">: <a href=\"tel:0744374712\">40 744.374.712<\/a><\/span><\/p><p><b>Adresa:<\/b><span style=\"font-weight: 400;\"> B-dul 23 August 100 Bis Buftea Judet: Ilfov<\/span><\/p><\/div>\n\t\t\t\t<\/div>\n\t\t\t\t<\/div>\n\t\t\t\t\t\t<\/div>\n\t\t\t\t\t<\/div>\n\t\t<\/div>\n\t\t\t\t\t\t\t\t<\/div>\n\t\t\t\t\t<\/div>\n\t\t<\/section>\n\t\t\t\t\t\t<\/div>\n\t\t\t\t\t\t<\/div>\n\t\t\t\t\t<\/div>","protected":false},"excerpt":{"rendered":"<p>\u00a0 Termenii \u015fi condi\u0163iile de utilizare a paginii de internet disponibil\u0103 la adresa www.plasrom.ro (denumit \u00een continuare &#8222;Site&#8221;) PRIN UTILIZAREA [&hellip;]<\/p>","protected":false},"author":1,"featured_media":0,"parent":0,"menu_order":0,"comment_status":"closed","ping_status":"closed","template":"","meta":{"spay_email":""},"_links":{"self":[{"href":"https:\/\/plasrom.ro\/en\/wp-json\/wp\/v2\/pages\/122"}],"collection":[{"href":"https:\/\/plasrom.ro\/en\/wp-json\/wp\/v2\/pages"}],"about":[{"href":"https:\/\/plasrom.ro\/en\/wp-json\/wp\/v2\/types\/page"}],"author":[{"embeddable":true,"href":"https:\/\/plasrom.ro\/en\/wp-json\/wp\/v2\/users\/1"}],"replies":[{"embeddable":true,"href":"https:\/\/plasrom.ro\/en\/wp-json\/wp\/v2\/comments?post=122"}],"version-history":[{"count":4,"href":"https:\/\/plasrom.ro\/en\/wp-json\/wp\/v2\/pages\/122\/revisions"}],"predecessor-version":[{"id":327,"href":"https:\/\/plasrom.ro\/en\/wp-json\/wp\/v2\/pages\/122\/revisions\/327"}],"wp:attachment":[{"href":"https:\/\/plasrom.ro\/en\/wp-json\/wp\/v2\/media?parent=122"}],"curies":[{"name":"wp","href":"https:\/\/api.w.org\/{rel}","templated":true}]}}